{"id":161,"date":"2025-06-23T13:52:58","date_gmt":"2025-06-23T13:52:58","guid":{"rendered":"https:\/\/desarrollo.purowebdesign.com.ar\/?page_id=161"},"modified":"2025-07-08T13:21:25","modified_gmt":"2025-07-08T13:21:25","slug":"sobre-baruche","status":"publish","type":"page","link":"https:\/\/baruche.com\/en\/sobre-baruche\/","title":{"rendered":"About Baruche"},"content":{"rendered":"<div data-elementor-type=\"wp-page\" data-elementor-id=\"161\" class=\"elementor elementor-161\">\n\t\t\t\t\t\t<section class=\"elementor-section elementor-top-section elementor-element elementor-element-55cd5678 elementor-section-boxed elementor-section-height-default elementor-section-height-default\" data-id=\"55cd5678\" data-element_type=\"section\" data-settings=\"{&quot;background_background&quot;:&quot;classic&quot;}\">\n\t\t\t\t\t\t\t<div class=\"elementor-background-overlay\"><\/div>\n\t\t\t\t\t\t\t<div class=\"elementor-container elementor-column-gap-default\">\n\t\t\t\t\t<div class=\"elementor-column elementor-col-100 elementor-top-column elementor-element elementor-element-488f64d8\" data-id=\"488f64d8\" data-element_type=\"column\">\n\t\t\t<div class=\"elementor-widget-wrap elementor-element-populated\">\n\t\t\t\t\t\t<div class=\"elementor-element elementor-element-4898f1fb elementor-widget elementor-widget-heading\" data-id=\"4898f1fb\" data-element_type=\"widget\" data-widget_type=\"heading.default\">\n\t\t\t\t<div class=\"elementor-widget-container\">\n\t\t\t\t\t<h1 class=\"elementor-heading-title elementor-size-default\">About us<\/h1>\t\t\t\t<\/div>\n\t\t\t\t<\/div>\n\t\t\t\t\t<\/div>\n\t\t<\/div>\n\t\t\t\t\t<\/div>\n\t\t<\/section>\n\t\t\t\t<section class=\"elementor-section elementor-top-section elementor-element elementor-element-bc59154 elementor-section-boxed elementor-section-height-default elementor-section-height-default\" data-id=\"bc59154\" data-element_type=\"section\">\n\t\t\t\t\t\t<div class=\"elementor-container elementor-column-gap-default\">\n\t\t\t\t\t<div class=\"elementor-column elementor-col-50 elementor-top-column elementor-element elementor-element-2bb73766\" data-id=\"2bb73766\" data-element_type=\"column\">\n\t\t\t<div class=\"elementor-widget-wrap elementor-element-populated\">\n\t\t\t\t\t\t<div class=\"elementor-element elementor-element-377d8ede elementor-widget elementor-widget-heading\" data-id=\"377d8ede\" data-element_type=\"widget\" data-widget_type=\"heading.default\">\n\t\t\t\t<div class=\"elementor-widget-container\">\n\t\t\t\t\t<h2 class=\"elementor-heading-title elementor-size-default\">The Baruche<\/h2>\t\t\t\t<\/div>\n\t\t\t\t<\/div>\n\t\t\t\t<div class=\"elementor-element elementor-element-69c24a14 elementor-widget elementor-widget-text-editor\" data-id=\"69c24a14\" data-element_type=\"widget\" data-widget_type=\"text-editor.default\">\n\t\t\t\t<div class=\"elementor-widget-container\">\n\t\t\t\t\t\t\t\t\t<p><span style=\"font-weight: 400;\">The Baruche is a sailing yacht-ocean of nearly twelve feet in length, the prestigious German shipyard Hanse. Stands for reliability and ease of navigation as well as for its bright and well taken advantage of the indoor space.<\/span><\/p><p><span style=\"font-weight: 400;\">The boat is equipped for its crew members have a pleasant trip as it has a deck with comfortable cushions for lazing in the sun as well as the seats are arranged under awnings that give you a cool shade. Inside there is a large central space, where you will find the kitchen next to the living-dining room and access to three double staterooms, and a lavatory.<\/span><\/p>\t\t\t\t\t\t\t\t<\/div>\n\t\t\t\t<\/div>\n\t\t\t\t\t<\/div>\n\t\t<\/div>\n\t\t\t\t<div class=\"elementor-column elementor-col-50 elementor-top-column elementor-element elementor-element-4ac57bec\" data-id=\"4ac57bec\" data-element_type=\"column\">\n\t\t\t<div class=\"elementor-widget-wrap elementor-element-populated\">\n\t\t\t\t\t\t<div class=\"elementor-element elementor-element-13f31637 elementor-widget__width-initial elementor-absolute elementor-widget-tablet__width-initial elementor-widget-mobile__width-initial elementor-widget elementor-widget-image\" data-id=\"13f31637\" data-element_type=\"widget\" data-settings=\"{&quot;_position&quot;:&quot;absolute&quot;}\" data-widget_type=\"image.default\">\n\t\t\t\t<div class=\"elementor-widget-container\">\n\t\t\t\t\t\t\t\t\t\t\t\t\t\t\t<img fetchpriority=\"high\" decoding=\"async\" width=\"800\" height=\"599\" src=\"https:\/\/baruche.com\/wp-content\/uploads\/2025\/07\/El-baruche-01-1024x767.jpeg\" class=\"attachment-large size-large wp-image-388\" alt=\"\" srcset=\"https:\/\/baruche.com\/wp-content\/uploads\/2025\/07\/El-baruche-01-1024x767.jpeg 1024w, https:\/\/baruche.com\/wp-content\/uploads\/2025\/07\/El-baruche-01-300x225.jpeg 300w, https:\/\/baruche.com\/wp-content\/uploads\/2025\/07\/El-baruche-01-768x576.jpeg 768w, https:\/\/baruche.com\/wp-content\/uploads\/2025\/07\/El-baruche-01-1536x1151.jpeg 1536w, https:\/\/baruche.com\/wp-content\/uploads\/2025\/07\/El-baruche-01.jpeg 1600w\" sizes=\"(max-width: 800px) 100vw, 800px\" \/>\t\t\t\t\t\t\t\t\t\t\t\t\t\t\t<\/div>\n\t\t\t\t<\/div>\n\t\t\t\t<div class=\"elementor-element elementor-element-694a2e4 elementor-widget__width-initial elementor-absolute elementor-widget-mobile__width-initial elementor-widget elementor-widget-image\" data-id=\"694a2e4\" data-element_type=\"widget\" data-settings=\"{&quot;_position&quot;:&quot;absolute&quot;}\" data-widget_type=\"image.default\">\n\t\t\t\t<div class=\"elementor-widget-container\">\n\t\t\t\t\t\t\t\t\t\t\t\t\t\t\t<img decoding=\"async\" src=\"https:\/\/baruche.com\/wp-content\/uploads\/elementor\/thumbs\/El-baruche-02-r9fd8bwfki97drpi4h5wlpnb21hsae46cnts5i1dg8.jpg\" title=\"The-baruche-02\" alt=\"El-baruche-02\" loading=\"lazy\" \/>\t\t\t\t\t\t\t\t\t\t\t\t\t\t\t<\/div>\n\t\t\t\t<\/div>\n\t\t\t\t\t<\/div>\n\t\t<\/div>\n\t\t\t\t\t<\/div>\n\t\t<\/section>\n\t\t\t\t<section class=\"elementor-section elementor-top-section elementor-element elementor-element-18f591e0 elementor-section-boxed elementor-section-height-default elementor-section-height-default\" data-id=\"18f591e0\" data-element_type=\"section\">\n\t\t\t\t\t\t<div class=\"elementor-container elementor-column-gap-default\">\n\t\t\t\t\t<div class=\"elementor-column elementor-col-50 elementor-top-column elementor-element elementor-element-3c0816c5\" data-id=\"3c0816c5\" data-element_type=\"column\">\n\t\t\t<div class=\"elementor-widget-wrap elementor-element-populated\">\n\t\t\t\t\t\t<div class=\"elementor-element elementor-element-79a18a64 elementor-widget elementor-widget-image\" data-id=\"79a18a64\" data-element_type=\"widget\" data-widget_type=\"image.default\">\n\t\t\t\t<div class=\"elementor-widget-container\">\n\t\t\t\t\t\t\t\t\t\t\t\t\t\t\t<img decoding=\"async\" width=\"800\" height=\"600\" src=\"https:\/\/baruche.com\/wp-content\/uploads\/2025\/07\/WhatsApp-Image-2025-07-06-at-18.14.39-1024x768.jpeg\" class=\"attachment-large size-large wp-image-339\" alt=\"\" srcset=\"https:\/\/baruche.com\/wp-content\/uploads\/2025\/07\/WhatsApp-Image-2025-07-06-at-18.14.39-1024x768.jpeg 1024w, https:\/\/baruche.com\/wp-content\/uploads\/2025\/07\/WhatsApp-Image-2025-07-06-at-18.14.39-300x225.jpeg 300w, https:\/\/baruche.com\/wp-content\/uploads\/2025\/07\/WhatsApp-Image-2025-07-06-at-18.14.39-768x576.jpeg 768w, https:\/\/baruche.com\/wp-content\/uploads\/2025\/07\/WhatsApp-Image-2025-07-06-at-18.14.39.jpeg 1214w\" sizes=\"(max-width: 800px) 100vw, 800px\" \/>\t\t\t\t\t\t\t\t\t\t\t\t\t\t\t<\/div>\n\t\t\t\t<\/div>\n\t\t\t\t\t<\/div>\n\t\t<\/div>\n\t\t\t\t<div class=\"elementor-column elementor-col-50 elementor-top-column elementor-element elementor-element-2cf27c98\" data-id=\"2cf27c98\" data-element_type=\"column\">\n\t\t\t<div class=\"elementor-widget-wrap elementor-element-populated\">\n\t\t\t\t\t\t<div class=\"elementor-element elementor-element-1002761c elementor-widget elementor-widget-heading\" data-id=\"1002761c\" data-element_type=\"widget\" data-widget_type=\"heading.default\">\n\t\t\t\t<div class=\"elementor-widget-container\">\n\t\t\t\t\t<h2 class=\"elementor-heading-title elementor-size-default\">Eugenia and Federico<\/h2>\t\t\t\t<\/div>\n\t\t\t\t<\/div>\n\t\t\t\t<div class=\"elementor-element elementor-element-254056c6 elementor-widget elementor-widget-text-editor\" data-id=\"254056c6\" data-element_type=\"widget\" data-widget_type=\"text-editor.default\">\n\t\t\t\t<div class=\"elementor-widget-container\">\n\t\t\t\t\t\t\t\t\t<p><span style=\"font-weight: 400;\">Eugenia is responsible for Baruche Balears on earth: is in charge of the paperwork (booking and administrative procedures) and of the logistics so that nothing is missing on your trip (snacks, accessories for the enjoyment, etc). Formed in administrative studies and accounting, has years of experience in the sector of charters yacht.\u00a0<\/span><\/p><p><span style=\"font-weight: 400;\">Enchanted will attend to all questions and concerns that may arise prior to the trip...you Just have to contact you by whatsapp, phone or email. We look forward to your inquiry!<\/span><\/p><p><span style=\"font-weight: 400;\">Federico is the captain of the ship. Sailing since I was a child, nothing enjoys more than convey his passion for sailing while you visit some of the most beautiful places of the mediterranean.<\/span><\/p>\t\t\t\t\t\t\t\t<\/div>\n\t\t\t\t<\/div>\n\t\t\t\t\t<\/div>\n\t\t<\/div>\n\t\t\t\t\t<\/div>\n\t\t<\/section>\n\t\t\t\t<section class=\"elementor-section elementor-top-section elementor-element elementor-element-628a166e elementor-section-boxed elementor-section-height-default elementor-section-height-default\" data-id=\"628a166e\" data-element_type=\"section\" data-settings=\"{&quot;background_background&quot;:&quot;classic&quot;}\">\n\t\t\t\t\t\t<div class=\"elementor-container elementor-column-gap-default\">\n\t\t\t\t\t<div class=\"elementor-column elementor-col-100 elementor-top-column elementor-element elementor-element-58763cee\" data-id=\"58763cee\" data-element_type=\"column\">\n\t\t\t<div class=\"elementor-widget-wrap elementor-element-populated\">\n\t\t\t\t\t\t<div class=\"elementor-element elementor-element-6e84c4fa elementor-widget elementor-widget-spacer\" data-id=\"6e84c4fa\" data-element_type=\"widget\" data-widget_type=\"spacer.default\">\n\t\t\t\t<div class=\"elementor-widget-container\">\n\t\t\t\t\t\t\t<div class=\"elementor-spacer\">\n\t\t\t<div class=\"elementor-spacer-inner\"><\/div>\n\t\t<\/div>\n\t\t\t\t\t\t<\/div>\n\t\t\t\t<\/div>\n\t\t\t\t\t<\/div>\n\t\t<\/div>\n\t\t\t\t\t<\/div>\n\t\t<\/section>\n\t\t\t\t<\/div>","protected":false},"excerpt":{"rendered":"<p>Sobre nosotros El Baruche El Baruche es un velero oce\u00e1nico de casi doce metros de eslora de los prestigiosos astilleros alemanes Hanse. Se destaca por su fiabilidad y facilidad de navegaci\u00f3n as\u00ed como por su luminoso y bien aprovechado espacio interior. El barco est\u00e1 equipado para que sus tripulantes tengan un placentero viaje ya que [&hellip;]<\/p>","protected":false},"author":1,"featured_media":0,"parent":0,"menu_order":0,"comment_status":"closed","ping_status":"closed","template":"","meta":{"footnotes":""},"class_list":["post-161","page","type-page","status-publish","hentry"],"_links":{"self":[{"href":"https:\/\/baruche.com\/en\/wp-json\/wp\/v2\/pages\/161","targetHints":{"allow":["GET"]}}],"collection":[{"href":"https:\/\/baruche.com\/en\/wp-json\/wp\/v2\/pages"}],"about":[{"href":"https:\/\/baruche.com\/en\/wp-json\/wp\/v2\/types\/page"}],"author":[{"embeddable":true,"href":"https:\/\/baruche.com\/en\/wp-json\/wp\/v2\/users\/1"}],"replies":[{"embeddable":true,"href":"https:\/\/baruche.com\/en\/wp-json\/wp\/v2\/comments?post=161"}],"version-history":[{"count":0,"href":"https:\/\/baruche.com\/en\/wp-json\/wp\/v2\/pages\/161\/revisions"}],"wp:attachment":[{"href":"https:\/\/baruche.com\/en\/wp-json\/wp\/v2\/media?parent=161"}],"curies":[{"name":"wp","href":"https:\/\/api.w.org\/{rel}","templated":true}]}}